{"id":5354,"date":"2022-10-04T23:07:30","date_gmt":"2022-10-04T21:07:30","guid":{"rendered":"https:\/\/www.mnjm.fr\/%e6%b3%95%e7%9a%84%e9%80%9a%e7%9f%a5\/"},"modified":"2023-07-10T16:27:42","modified_gmt":"2023-07-10T14:27:42","slug":"%e6%b3%95%e7%9a%84%e9%80%9a%e7%9f%a5","status":"publish","type":"page","link":"https:\/\/www.mnjm.fr\/ja\/%e6%b3%95%e7%9a%84%e9%80%9a%e7%9f%a5\/","title":{"rendered":"\u6cd5\u7684\u901a\u77e5"},"content":{"rendered":"\n<h2 class=\"wp-block-heading\">\u7de8\u96c6<\/h2>\n\n<p><strong>MNJM<\/strong> <strong>SASU<\/strong><br\/>\u8cc7\u672c\u91d1 2000 \u20ac<br\/>\u672c\u793e 7 rue Malherbe 44000 Nantes<br\/>Siret : 91029730800017 RCS Nantes<br\/>\u96fb\u8a71: +33 (<a href=\"tel:+33674197736\">0) 6 74 19 77 36<\/a><br\/>Mail : <a href=\"https:\/\/www.mnjm.fr\/ja\/%e3%81%8a%e5%95%8f%e3%81%84%e5%90%88%e3%82%8f%e3%81%9b\/#\">https:\/\/www.mnjm.fr\/contact\/#<\/a><br\/>Code APE : <a href=\"https:\/\/www.mnjm.fr\/ja\/%e3%81%8a%e5%95%8f%e3%81%84%e5%90%88%e3%82%8f%e3%81%9b\/#\">7490 B<\/a><br\/>N\u00b0 TVA : FR11910297308<\/p>\n\n<h2 class=\"wp-block-heading\">\u30db\u30b9\u30c8<\/h2>\n\n<p>MNJM est h\u00e9berg\u00e9 par Software Domain dont le si\u00e8ge social est situ\u00e9 : 7 rue Louis Bl\u00e9riot \u2013 44700 Orvault \u2013 France<\/p>\n\n<h2 class=\"wp-block-heading\">\u30b5\u30a4\u30c8\u306e\u30b3\u30f3\u30c6\u30f3\u30c4<\/h2>\n\n<p>\u672c\u30a6\u30a7\u30d6\u30b5\u30a4\u30c8\u306f\u3001\u8457\u4f5c\u6a29\u53ca\u3073\u77e5\u7684\u6240\u6709\u6a29\u306b\u95a2\u3059\u308b\u30d5\u30e9\u30f3\u30b9\u304a\u3088\u3073\u56fd\u969b\u6cd5\u306e\u9818\u57df\u306b\u5c5e\u3057\u307e\u3059\u3002<\/p>\n\n<p>\u3059\u3079\u3066\u306e\u5546\u6a19\u3001\u5199\u771f\u3001\u30c6\u30ad\u30b9\u30c8\u3001\u30b3\u30e1\u30f3\u30c8\u3001\u30a4\u30e9\u30b9\u30c8\u3001\u753b\u50cf\uff08\u30a2\u30cb\u30e1\u30fc\u30b7\u30e7\u30f3\u3067\u3042\u308b\u304b\u5426\u304b\u3092\u554f\u308f\u305a\uff09\u3001\u30d3\u30c7\u30aa\u30b7\u30fc\u30b1\u30f3\u30b9\u3001\u30b5\u30a6\u30f3\u30c9\u3001\u304a\u3088\u3073\u672c\u30b5\u30a4\u30c8\u306e\u904b\u55b6\u306b\u4f7f\u7528\u3055\u308c\u308b\u3059\u3079\u3066\u306e\u30b3\u30f3\u30d4\u30e5\u30fc\u30bf\u30a2\u30d7\u30ea\u30b1\u30fc\u30b7\u30e7\u30f3\u3001\u3055\u3089\u306b\u4e00\u822c\u7684\u306b\u306f\u3001\u672c\u30b5\u30a4\u30c8\u3067\u8907\u88fd\u307e\u305f\u306f\u4f7f\u7528\u3055\u308c\u308b\u3059\u3079\u3066\u306e\u8981\u7d20\u306f\u3001\u73fe\u884c\u306e\u77e5\u7684\u8ca1\u7523\u6cd5\u306b\u3088\u3063\u3066\u4fdd\u8b77\u3055\u308c\u3066\u3044\u307e\u3059\u3002<\/p>\n\n<p>\u672c\u30b5\u30a4\u30c8\u306e\u5168\u90e8\u307e\u305f\u306f\u4e00\u90e8\u3092\u3001\u660e\u793a\u7684\u306a\u8a31\u53ef\u306a\u304f\u8907\u88fd\u3059\u308b\u3053\u3068\u306f\u7981\u3058\u3089\u308c\u3066\u304a\u308a\u3001\u30d5\u30e9\u30f3\u30b9\u77e5\u7684\u8ca1\u7523\u6cd5L.335-2\u6761\u4ed6\u306b\u3088\u308a\u51e6\u7f70\u3055\u308c\u308b\u4fb5\u5bb3\u884c\u70ba\u3068\u306a\u308a\u307e\u3059\u3002<\/p>\n\n<h2 class=\"wp-block-heading\">\u60c5\u5831\u4fdd\u8b77<\/h2>\n\n<p>\u672c\u30b5\u30a4\u30c8\u306e\u3054\u5229\u7528\u8005\u306f\u30011978\u5e741\u67086\u65e5\u4ed8\u30d5\u30e9\u30f3\u30b9\u60c5\u5831\u4fdd\u8b77\u6cd5\u7b2c27\u6761\u306b\u57fa\u3065\u304d\u3001\u672c\u30b5\u30a4\u30c8\u306e\u30d5\u30a9\u30fc\u30e0\u3092\u901a\u3058\u3066\u3054\u5229\u7528\u8005\u304b\u3089\u63d0\u4f9b\u3055\u308c\u305f\u3044\u304b\u306a\u308b\u60c5\u5831\u3082\u3001\u3054\u5229\u7528\u8005\u306e\u8981\u6c42\u306b\u5fdc\u3048\u308b\u305f\u3081\u306b\u5fc5\u8981\u3068\u3055\u308c\u3001\u7ba1\u7406\u304a\u3088\u3073\u5546\u696d\u7ba1\u7406\u306e\u76ee\u7684\u3067\u3001\u305d\u306e\u51e6\u7406\u306b\u8cac\u4efb\u3092\u8ca0\u3046\u672c\u30b5\u30a4\u30c8\u7de8\u96c6\u8005\u306b\u63d0\u4f9b\u3055\u308c\u308b\u3053\u3068\u306b\u627f\u77e5\u3055\u308c\u3066\u3044\u308b\u3082\u306e\u3068\u3057\u307e\u3059\u3002 \u30c7\u30fc\u30bf\u4fdd\u8b77\u6cd5\u306e\u8a73\u7d30\u306b\u3064\u3044\u3066\u306f\u3001CNIL\u306e\u30a6\u30a7\u30d6\u30b5\u30a4\u30c8\u3092\u3054\u89a7\u304f\u3060\u3055\u3044\u3002<\/p>\n\n<h2 class=\"wp-block-heading\">\u30cf\u30a4\u30d1\u30fc\u30c6\u30ad\u30b9\u30c8\u30ea\u30f3\u30af<\/h2>\n\n<p>\u3053\u306e\u30a6\u30a7\u30d6\u30b5\u30a4\u30c8\u4e0a\u306e\u30cf\u30a4\u30d1\u30fc\u30c6\u30ad\u30b9\u30c8\u30ea\u30f3\u30af\u306f\u3001\u30a4\u30f3\u30bf\u30fc\u30cd\u30c3\u30c8\u4e0a\u306e\u4ed6\u306e\u30ea\u30bd\u30fc\u30b9\u306b\u30ea\u30f3\u30af\u3057\u3066\u304a\u308a\u3001 MNJM\u306f\u305d\u306e\u8cac\u4efb\u3092\u8ca0\u308f\u306a\u3044\u3082\u306e\u3068\u3057\u307e\u3059\u3002 \u3054\u5229\u7528\u8005\u306e\u30b5\u30a4\u30c8\u3068\u672c\u30b5\u30a4\u30c8 <a href=\"https:\/\/lna-proto.fr\">https:\/\/www.mnjm.fr\/<\/a> \u306e\u9593\u306b\u30cf\u30a4\u30d1\u30fc\u30c6\u30ad\u30b9\u30c8\u30ea\u30f3\u30af\u306e \u8a2d\u5b9a\u304c\u53ef\u80fd\u3067\u3059\u3002<\/p>\n\n<h2 class=\"wp-block-heading\">\u500b\u4eba\u30c7\u30fc\u30bf\u306e\u53ce\u96c6\u3068\u51e6\u7406<\/h2>\n\n<p>\u3054\u5229\u7528\u8005\u306e\u30c7\u30fc\u30bf\u306f MNJM\u306b\u3088\u3063\u3066\u53ce\u96c6\u3055\u308c\u307e\u3059\u3002 \u672c\u30b5\u30a4\u30c8\u306e\u30d5\u30a9\u30fc\u30e0\u3092\u901a\u3058\u3066\u53ce\u96c6\u3055\u308c\u305f\u3054\u5229\u7528\u8005\u306b\u95a2\u3059\u308b\u60c5\u5831\u306f\u5168\u3066\u3001\u79c1\u305f\u3061\u306b\u5b9b\u3066\u3089\u308c\u3066\u3044\u307e\u3059\u3002 MNJM \u306f\u3001\u3054\u5229\u7528\u8005\u306e\u672c\u30b5\u30a4\u30c8\u95b2\u89a7\u306b\u95a2\u9023\u3059\u308b\u60c5\u5831\u3092\u53ce\u96c6\u3059\u308b\u3053\u3068\u304c\u3042\u308a\u307e\u3059\u3002 MNJM\u306f\u3001\u30aa\u30f3\u30e9\u30a4\u30f3\u3067\u63d0\u4f9b\u3055\u308c\u305f\u60c5\u5831\u306e\u6a5f\u5bc6\u4fdd\u6301\u306b\u52aa\u3081\u3066\u3044\u307e\u3059\u3002 MNJM\u306f\u3001\u3053\u308c\u3089\u306e\u30a2\u30c9\u30ec\u30b9\u3092\u3001\u30d5\u30a1\u30a4\u30eb\u306e\u8cb8\u4e0e\u3001\u30ec\u30f3\u30bf\u30eb\u3001\u4ea4\u63db\u3001\u8ca9\u58f2\u306a\u3069\u306e\u5f62\u3067\u7b2c\u4e09\u8005\u306b\u4f1d\u9054\u3057\u306a\u3044\u3053\u3068\u3092\u7d04\u675f\u3057\u307e\u3059\u3002<\/p>\n\n<h2 class=\"wp-block-heading\">\u30c7\u30fc\u30bf\u306e\u4fdd\u7ba1\u3068\u6a5f\u5bc6\u4fdd\u6301<\/h2>\n\n<p>MNJM\u306f\u3001\u3054\u5229\u7528\u8005\u306b\u30b5\u30fc\u30d3\u30b9\u307e\u305f\u306f\u652f\u63f4\u3092\u63d0\u4f9b\u3059\u308b\u305f\u3081\u306b\u5fc5\u8981\u306a\u671f\u9593\u3001\u3054\u5229\u7528\u8005\u306e\u30c7\u30fc\u30bf\u3092\u4fdd\u7ba1\u3057\u307e\u3059\u3002 \u5f53\u30d7\u30e9\u30c3\u30c8\u30d5\u30a9\u30fc\u30e0\u306f\u3001\u7269\u7406\u7684\u304a\u3088\u3073\u8ad6\u7406\u7684\u306a\u30bb\u30ad\u30e5\u30ea\u30c6\u30a3\u5bfe\u7b56\u306e\u4f7f\u7528\u3092\u901a\u3058\u3066\u30c7\u30fc\u30bf\u4fdd\u8b77\u3092\u5f37\u5316\u3059\u308b\u3053\u3068\u306b\u3088\u308a\u3001\u3054\u5229\u7528\u8005\u306e\u30c7\u30fc\u30bf\u306e\u30bb\u30ad\u30e5\u30ea\u30c6\u30a3\u3092\u78ba\u4fdd\u3059\u308b\u3053\u3068\u306b\u52aa\u3081\u3066\u3044\u307e\u3059\u3002<\/p>\n\n<h2 class=\"wp-block-heading\">\u30c7\u30fc\u30bf\u3078\u306e\u30a2\u30af\u30bb\u30b9\u6a29\u3001\u4fee\u6b63\u6a29\u3001\u524a\u9664\u6a29<\/h2>\n\n<p>\u500b\u4eba\u60c5\u5831\u306b\u9069\u7528\u3055\u308c\u308b\u898f\u5247\u306b\u5f93\u3044\u3001\u3054\u5229\u7528\u8005\u306f\u4ee5\u4e0b\u306e\u6a29\u5229\u3092\u6709\u3057\u307e\u3059\uff1a<\/p>\n\n<ul class=\"wp-block-list\">\n<li>\u30a2\u30af\u30bb\u30b9\u6a29\uff1a\u500b\u4eba\u60c5\u5831\u3078\u306e\u30a2\u30af\u30bb\u30b9\u6a29\u306f\u3001\u4e0b\u8a18\u306eE\u30e1\u30fc\u30eb\u30a2\u30c9\u30ec\u30b9\u5b9b\u306b\u66f8\u9762\u306b\u3066\u884c\u4f7f\u3067\u304d\u307e\u3059\u3002<\/li>\n\n\n\n<li>\u64a4\u56de\u6a29\uff1a\u5f53\u30d7\u30e9\u30c3\u30c8\u30d5\u30a9\u30fc\u30e0\u304c\u4fdd\u6709\u3059\u308b\u500b\u4eba\u30c7\u30fc\u30bf\u304c\u4e0d\u6b63\u78ba\u3067\u3042\u308b\u5834\u5408\u3001\u60c5\u5831\u306e\u66f4\u65b0\u3092\u8981\u6c42\u3067\u304d\u307e\u3059\u3002<\/li>\n\n\n\n<li>\u30c7\u30fc\u30bf\u524a\u9664\u6a29\uff1a\u3054\u5229\u7528\u8005\u306f\u3001\u9069\u7528\u3055\u308c\u308b\u30c7\u30fc\u30bf\u4fdd\u8b77\u6cd5\u306b\u5f93\u3044\u3001\u500b\u4eba\u30c7\u30fc\u30bf\u306e\u524a\u9664\u3092\u8981\u6c42\u3067\u304d\u307e\u3059\u3002<\/li>\n\n\n\n<li>\u51e6\u7406\u3092\u5236\u9650\u3059\u308b\u6a29\u5229\uff1a\u3054\u5229\u7528\u8005\u306f\u3001RGPD\u306b\u898f\u5b9a\u3055\u308c\u305f\u524d\u63d0\u6761\u4ef6\u306b\u5f93\u3063\u3066\u3001\u500b\u4eba\u30c7\u30fc\u30bf\u306e\u51e6\u7406\u3092\u5236\u9650\u3059\u308b\u3088\u3046\u5f53\u30d7\u30e9\u30c3\u30c8\u30d5\u30a9\u30fc\u30e0\u306b\u8981\u6c42\u3067\u304d\u307e\u3059\u3002<\/li>\n\n\n\n<li>\u30c7\u30fc\u30bf\u51e6\u7406\u306b\u7570\u8b70\u3092\u5531\u3048\u308b\u6a29\u5229\uff1a\u3054\u5229\u7528\u8005\u306f\u3001RGPD\u306b\u898f\u5b9a\u3055\u308c\u305f\u524d\u63d0\u6761\u4ef6\u306b\u5f93\u3063\u3066\u30c7\u30fc\u30bf\u304c\u51e6\u7406\u3055\u308c\u308b\u3053\u3068\u306b\u7570\u8b70\u3092\u5531\u3048\u308b\u3053\u3068\u304c\u3067\u304d\u307e\u3059\u3002<\/li>\n<\/ul>\n\n<p>1978\u5e746\u670816\u65e5\u4ed8\u6cd5\u5f8b\u7b2c787-17\u53f7\uff08CNIL\uff09\u306b\u5f93\u3044\u3001\u3054\u5229\u7528\u8005\u306f\u3001\u63d0\u4f9b\u3057\u305f\u60c5\u5831\u306b\u8aa4\u308a\u3084\u5909\u66f4\u304c\u3042\u3063\u305f\u5834\u5408\u3001\u307e\u305f\u306f\u5f0a\u793e\u306e\u30b3\u30f3\u30d4\u30e5\u30fc\u30bf\u30d5\u30a1\u30a4\u30eb\u304b\u3089\u306e\u524a\u9664\u3092\u5e0c\u671b\u3059\u308b\u5834\u5408\u3001\u624b\u7d19\u307e\u305f\u306f\u96fb\u5b50\u30e1\u30fc\u30eb\u3067\u5f0a\u793e\u306b\u901a\u77e5\u3067\u304d\u307e\u3059\u3002 \u66f8\u9762\u306b\u3088\u308b\u8fd4\u4fe1\u6a29 :<\/p>\n\n<p><strong>MNJM<\/strong> <strong>SASU<\/strong><br\/>7 rue Malherbe<br\/>44000 Nantes FRANCE<br\/>\u6216\u3044\u306f\u304a\u554f\u3044\u5408\u308f\u305b\u30d5\u30a9\u30fc\u30e0\u3088\u308a : <a href=\"https:\/\/www.mnjm.fr\/ja\/%e3%81%8a%e5%95%8f%e3%81%84%e5%90%88%e3%82%8f%e3%81%9b\/#\">https:\/\/www.mnjm.fr\/contact\/#<\/a><br\/><\/p>\n\n<h2 class=\"wp-block-heading\">\u30af\u30c3\u30ad\u30fc<\/h2>\n\n<h3 class=\"wp-block-heading\">\u30af\u30c3\u30ad\u30fc\u306b\u3064\u3044\u3066<\/h3>\n\n<p>\u30af\u30c3\u30ad\u30fc\u307e\u305f\u306f\u30c8\u30ec\u30fc\u30b5\u30fc\u3068\u306f\u3001\u30a6\u30a7\u30d6\u30b5\u30a4\u30c8\u3092\u95b2\u89a7\u3057\u305f\u308a\u3001\u96fb\u5b50\u30e1\u30fc\u30eb\u3092\u8aad\u3093\u3060\u308a\u3001\u30bd\u30d5\u30c8\u30a6\u30a7\u30a2\u3092\u4f7f\u7528\u3057\u305f\u308a\u3057\u305f\u3068\u304d\u306b\u3001\u30b3\u30f3\u30d4\u30e5\u30fc\u30bf\u306b\u4fdd\u5b58\u3055\u308c\u308b\u96fb\u5b50\u30d5\u30a1\u30a4\u30eb\u306e\u3053\u3068\u3067\u3059\u3002 \u30af\u30c3\u30ad\u30fc\u306f\u3001\u3054\u5229\u7528\u8005\u306e\u30b5\u30a4\u30c8\u95b2\u89a7\u306b\u95a2\u3059\u308b\u60c5\u5831\u3092\u53ce\u96c6\u3057\u307e\u3059\u3002 \u30af\u30c3\u30ad\u30fc\u306f\u30a2\u30af\u30c6\u30a3\u30d6\u306a\u30d5\u30a1\u30a4\u30eb\u3067\u306f\u306a\u3044\u305f\u3081\u3001\u30a6\u30a4\u30eb\u30b9\u3092\u30db\u30b9\u30c8\u3059\u308b\u3053\u3068\u306f\u3042\u308a\u307e\u305b\u3093\u3002<\/p>\n\n<h3 class=\"wp-block-heading\">\u30af\u30c3\u30ad\u30fc\u306e\u4f7f\u7528<\/h3>\n\n<p>\u672c\u30b5\u30a4\u30c8\u306b\u30a2\u30af\u30bb\u30b9\u3059\u308b\u3068\u3001\u30af\u30c3\u30ad\u30fc\u306e\u4f7f\u7528\u306b\u3064\u3044\u3066\u8aac\u660e\u3059\u308b\u30d0\u30ca\u30fc\u304c\u8868\u793a\u3055\u308c\u307e\u3059\u3002 \u95b2\u89a7\u3092\u7d9a\u3051\u308b\u524d\u306b\u3001\u3054\u5229\u7528\u8005\u306f\u30af\u30c3\u30ad\u30fc\u306e\u4f7f\u7528\u3092\u627f\u8a8d\u307e\u305f\u306f\u62d2\u5426\u3059\u308b\u5fc5\u8981\u304c\u3042\u308a\u307e\u3059\u3002 \u30af\u30c3\u30ad\u30fc\u3092\u627f\u8afe\u3053\u3068\u3067\u3001\u5f53\u30b5\u30a4\u30c8\u306e\u6539\u5584\u306b\u3054\u5354\u529b\u3044\u305f\u3060\u3051\u307e\u3059\u3002<\/p>\n\n<p>\u672c\u30b5\u30a4\u30c8\u3067\u306f\u3001\u4ee5\u4e0b\u306e\u7406\u7531\u3067\u30af\u30c3\u30ad\u30fc\u3092\u4f7f\u7528\u3057\u3066\u3044\u307e\u3059\uff1a<\/p>\n\n<ul class=\"wp-block-list\">\n<li>\u3053\u308c\u306b\u3088\u308a\u3001\u5f0a\u793e\u306f\u3054\u5229\u7528\u8005\u306e\u30d6\u30e9\u30a6\u30b6\u3092\u8a8d\u8b58\u3057\u3001\u3054\u5229\u7528\u8005\u304c\u4ee5\u524d\u672c\u30b5\u30a4\u30c8\u3092\u8a2a\u554f\u3055\u308c\u305f\u969b\u306e\u8a2d\u5b9a\u3092\u4fdd\u5b58\u3067\u304d\u307e\u3059\u3002<\/li>\n\n\n\n<li>\u3053\u308c\u306b\u3088\u308a\u3001\u5f0a\u793e\u306f\u30a4\u30f3\u30bf\u30e9\u30af\u30c6\u30a3\u30d6\u306a\u30aa\u30f3\u30e9\u30a4\u30f3\u30b3\u30f3\u30c6\u30f3\u30c4\u3001\u6a5f\u80fd\u3001\u305d\u306e\u4ed6\u306e\u30b3\u30df\u30e5\u30cb\u30b1\u30fc\u30b7\u30e7\u30f3\u306e\u52b9\u679c\u3092\u6e2c\u5b9a\u3057\u3001\u8abf\u67fb\u3067\u304d\u307e\u3059\u3002<\/li>\n\n\n\n<li>\u305d\u3057\u3066\u30b5\u30a4\u30c8\u306e\u5206\u6790\u30c7\u30fc\u30bf\u3001\u3054\u5229\u7528\u8005\u306b\u3088\u308b\u30b5\u30a4\u30c8\u306e\u5229\u7528\u72b6\u6cc1\u3092\u30d5\u30a9\u30ed\u30fc\u3057\u3001\u30d7\u30e9\u30c3\u30c8\u30d5\u30a9\u30fc\u30e0\u306e\u30b5\u30fc\u30d3\u30b9\u3084\u30b3\u30f3\u30c6\u30f3\u30c4\u3092\u6539\u5584\u3067\u304d\u307e\u3059\u3002<\/li>\n<\/ul>\n\n<p>\u3044\u304b\u306a\u308b\u5834\u5408\u306b\u304a\u3044\u3066\u3082\u3001\u30af\u30c3\u30ad\u30fc\u3092\u5e83\u544a\u76ee\u7684\u306b\u4f7f\u7528\u3057\u305f\u308a\u3001\u4e0a\u8a18\u4ee5\u5916\u306e\u76ee\u7684\u3067\u7b2c\u4e09\u8005\u306b\u8b72\u6e21\u3057\u305f\u308a\u3059\u308b\u3053\u3068\u306f\u3042\u308a\u307e\u305b\u3093\u3002 \u30af\u30c3\u30ad\u30fc\u306e\u6709\u52b9\u671f\u9650\u306f13\u30f6\u6708\u3067\u3059\u3002 \u30af\u30c3\u30ad\u30fc\u306f\u304a\u4f7f\u3044\u306e\u30a6\u30a7\u30d6\u30d6\u30e9\u30a6\u30b6\u306b\u3088\u3063\u3066\u7ba1\u7406\u3055\u308c\u307e\u3059\u3002 \u30af\u30c3\u30ad\u30fc\u306f\u3044\u3064\u3067\u3082\u7121\u52b9\u306b\u3067\u304d\u307e\u3059\u3002<\/p>\n","protected":false},"excerpt":{"rendered":"<p>\u7de8\u96c6 MNJM SASU\u8cc7\u672c\u91d1 2000 \u20ac\u672c\u793e 7 rue &#8230; <a title=\"\u6cd5\u7684\u901a\u77e5\" href=\"https:\/\/www.mnjm.fr\/ja\/%e6%b3%95%e7%9a%84%e9%80%9a%e7%9f%a5\/\" class=\"read-more button\" aria-label=\"More on \u6cd5\u7684\u901a\u77e5\">\u7d9a\u304d\u3092\u8aad\u3080<\/a><\/p>\n","protected":false},"author":1,"featured_media":0,"parent":0,"menu_order":0,"comment_status":"closed","ping_status":"closed","template":"","meta":{"iawp_total_views":8,"footnotes":""},"class_list":["post-5354","page","type-page","status-publish"],"yoast_head":"<!-- This site is optimized with the Yoast SEO plugin v26.9 - https:\/\/yoast.com\/product\/yoast-seo-wordpress\/ -->\n<title>\u6cd5\u7684\u901a\u77e5 - MNJM<\/title>\n<meta name=\"robots\" content=\"index, follow, max-snippet:-1, max-image-preview:large, max-video-preview:-1\" \/>\n<link rel=\"canonical\" href=\"https:\/\/www.mnjm.fr\/ja\/%e6%b3%95%e7%9a%84%e9%80%9a%e7%9f%a5\/\" \/>\n<meta property=\"og:locale\" content=\"ja_JP\" \/>\n<meta property=\"og:type\" content=\"article\" \/>\n<meta property=\"og:title\" content=\"\u6cd5\u7684\u901a\u77e5 - MNJM\" \/>\n<meta property=\"og:description\" content=\"\u7de8\u96c6 MNJM SASU\u8cc7\u672c\u91d1 2000 \u20ac\u672c\u793e 7 rue ... \u7d9a\u304d\u3092\u8aad\u3080\" \/>\n<meta property=\"og:url\" content=\"https:\/\/www.mnjm.fr\/ja\/%e6%b3%95%e7%9a%84%e9%80%9a%e7%9f%a5\/\" \/>\n<meta property=\"og:site_name\" content=\"MNJM\" \/>\n<meta property=\"article:modified_time\" content=\"2023-07-10T14:27:42+00:00\" \/>\n<meta name=\"twitter:card\" content=\"summary_large_image\" \/>\n<script type=\"application\/ld+json\" class=\"yoast-schema-graph\">{\"@context\":\"https:\/\/schema.org\",\"@graph\":[{\"@type\":\"WebPage\",\"@id\":\"https:\/\/www.mnjm.fr\/ja\/%e6%b3%95%e7%9a%84%e9%80%9a%e7%9f%a5\/\",\"url\":\"https:\/\/www.mnjm.fr\/ja\/%e6%b3%95%e7%9a%84%e9%80%9a%e7%9f%a5\/\",\"name\":\"\u6cd5\u7684\u901a\u77e5 - MNJM\",\"isPartOf\":{\"@id\":\"https:\/\/www.mnjm.fr\/ja\/#website\"},\"datePublished\":\"2022-10-04T21:07:30+00:00\",\"dateModified\":\"2023-07-10T14:27:42+00:00\",\"breadcrumb\":{\"@id\":\"https:\/\/www.mnjm.fr\/ja\/%e6%b3%95%e7%9a%84%e9%80%9a%e7%9f%a5\/#breadcrumb\"},\"inLanguage\":\"ja\",\"potentialAction\":[{\"@type\":\"ReadAction\",\"target\":[\"https:\/\/www.mnjm.fr\/ja\/%e6%b3%95%e7%9a%84%e9%80%9a%e7%9f%a5\/\"]}]},{\"@type\":\"BreadcrumbList\",\"@id\":\"https:\/\/www.mnjm.fr\/ja\/%e6%b3%95%e7%9a%84%e9%80%9a%e7%9f%a5\/#breadcrumb\",\"itemListElement\":[{\"@type\":\"ListItem\",\"position\":1,\"name\":\"Accueil\",\"item\":\"https:\/\/www.mnjm.fr\/ja\/\"},{\"@type\":\"ListItem\",\"position\":2,\"name\":\"\u6cd5\u7684\u901a\u77e5\"}]},{\"@type\":\"WebSite\",\"@id\":\"https:\/\/www.mnjm.fr\/ja\/#website\",\"url\":\"https:\/\/www.mnjm.fr\/ja\/\",\"name\":\"MNJM\",\"description\":\"\",\"publisher\":{\"@id\":\"https:\/\/www.mnjm.fr\/ja\/#organization\"},\"potentialAction\":[{\"@type\":\"SearchAction\",\"target\":{\"@type\":\"EntryPoint\",\"urlTemplate\":\"https:\/\/www.mnjm.fr\/ja\/?s={search_term_string}\"},\"query-input\":{\"@type\":\"PropertyValueSpecification\",\"valueRequired\":true,\"valueName\":\"search_term_string\"}}],\"inLanguage\":\"ja\"},{\"@type\":\"Organization\",\"@id\":\"https:\/\/www.mnjm.fr\/ja\/#organization\",\"name\":\"MNJM\",\"url\":\"https:\/\/www.mnjm.fr\/ja\/\",\"logo\":{\"@type\":\"ImageObject\",\"inLanguage\":\"ja\",\"@id\":\"https:\/\/www.mnjm.fr\/ja\/#\/schema\/logo\/image\/\",\"url\":\"https:\/\/www.mnjm.fr\/wp-content\/uploads\/2022\/10\/logo-mn-jpn-medias.svg\",\"contentUrl\":\"https:\/\/www.mnjm.fr\/wp-content\/uploads\/2022\/10\/logo-mn-jpn-medias.svg\",\"width\":141,\"height\":56,\"caption\":\"MNJM\"},\"image\":{\"@id\":\"https:\/\/www.mnjm.fr\/ja\/#\/schema\/logo\/image\/\"}}]}<\/script>\n<!-- \/ Yoast SEO plugin. -->","yoast_head_json":{"title":"\u6cd5\u7684\u901a\u77e5 - MNJM","robots":{"index":"index","follow":"follow","max-snippet":"max-snippet:-1","max-image-preview":"max-image-preview:large","max-video-preview":"max-video-preview:-1"},"canonical":"https:\/\/www.mnjm.fr\/ja\/%e6%b3%95%e7%9a%84%e9%80%9a%e7%9f%a5\/","og_locale":"ja_JP","og_type":"article","og_title":"\u6cd5\u7684\u901a\u77e5 - MNJM","og_description":"\u7de8\u96c6 MNJM SASU\u8cc7\u672c\u91d1 2000 \u20ac\u672c\u793e 7 rue ... \u7d9a\u304d\u3092\u8aad\u3080","og_url":"https:\/\/www.mnjm.fr\/ja\/%e6%b3%95%e7%9a%84%e9%80%9a%e7%9f%a5\/","og_site_name":"MNJM","article_modified_time":"2023-07-10T14:27:42+00:00","twitter_card":"summary_large_image","schema":{"@context":"https:\/\/schema.org","@graph":[{"@type":"WebPage","@id":"https:\/\/www.mnjm.fr\/ja\/%e6%b3%95%e7%9a%84%e9%80%9a%e7%9f%a5\/","url":"https:\/\/www.mnjm.fr\/ja\/%e6%b3%95%e7%9a%84%e9%80%9a%e7%9f%a5\/","name":"\u6cd5\u7684\u901a\u77e5 - MNJM","isPartOf":{"@id":"https:\/\/www.mnjm.fr\/ja\/#website"},"datePublished":"2022-10-04T21:07:30+00:00","dateModified":"2023-07-10T14:27:42+00:00","breadcrumb":{"@id":"https:\/\/www.mnjm.fr\/ja\/%e6%b3%95%e7%9a%84%e9%80%9a%e7%9f%a5\/#breadcrumb"},"inLanguage":"ja","potentialAction":[{"@type":"ReadAction","target":["https:\/\/www.mnjm.fr\/ja\/%e6%b3%95%e7%9a%84%e9%80%9a%e7%9f%a5\/"]}]},{"@type":"BreadcrumbList","@id":"https:\/\/www.mnjm.fr\/ja\/%e6%b3%95%e7%9a%84%e9%80%9a%e7%9f%a5\/#breadcrumb","itemListElement":[{"@type":"ListItem","position":1,"name":"Accueil","item":"https:\/\/www.mnjm.fr\/ja\/"},{"@type":"ListItem","position":2,"name":"\u6cd5\u7684\u901a\u77e5"}]},{"@type":"WebSite","@id":"https:\/\/www.mnjm.fr\/ja\/#website","url":"https:\/\/www.mnjm.fr\/ja\/","name":"MNJM","description":"","publisher":{"@id":"https:\/\/www.mnjm.fr\/ja\/#organization"},"potentialAction":[{"@type":"SearchAction","target":{"@type":"EntryPoint","urlTemplate":"https:\/\/www.mnjm.fr\/ja\/?s={search_term_string}"},"query-input":{"@type":"PropertyValueSpecification","valueRequired":true,"valueName":"search_term_string"}}],"inLanguage":"ja"},{"@type":"Organization","@id":"https:\/\/www.mnjm.fr\/ja\/#organization","name":"MNJM","url":"https:\/\/www.mnjm.fr\/ja\/","logo":{"@type":"ImageObject","inLanguage":"ja","@id":"https:\/\/www.mnjm.fr\/ja\/#\/schema\/logo\/image\/","url":"https:\/\/www.mnjm.fr\/wp-content\/uploads\/2022\/10\/logo-mn-jpn-medias.svg","contentUrl":"https:\/\/www.mnjm.fr\/wp-content\/uploads\/2022\/10\/logo-mn-jpn-medias.svg","width":141,"height":56,"caption":"MNJM"},"image":{"@id":"https:\/\/www.mnjm.fr\/ja\/#\/schema\/logo\/image\/"}}]}},"_links":{"self":[{"href":"https:\/\/www.mnjm.fr\/ja\/wp-json\/wp\/v2\/pages\/5354","targetHints":{"allow":["GET"]}}],"collection":[{"href":"https:\/\/www.mnjm.fr\/ja\/wp-json\/wp\/v2\/pages"}],"about":[{"href":"https:\/\/www.mnjm.fr\/ja\/wp-json\/wp\/v2\/types\/page"}],"author":[{"embeddable":true,"href":"https:\/\/www.mnjm.fr\/ja\/wp-json\/wp\/v2\/users\/1"}],"replies":[{"embeddable":true,"href":"https:\/\/www.mnjm.fr\/ja\/wp-json\/wp\/v2\/comments?post=5354"}],"version-history":[{"count":1,"href":"https:\/\/www.mnjm.fr\/ja\/wp-json\/wp\/v2\/pages\/5354\/revisions"}],"predecessor-version":[{"id":5355,"href":"https:\/\/www.mnjm.fr\/ja\/wp-json\/wp\/v2\/pages\/5354\/revisions\/5355"}],"wp:attachment":[{"href":"https:\/\/www.mnjm.fr\/ja\/wp-json\/wp\/v2\/media?parent=5354"}],"curies":[{"name":"wp","href":"https:\/\/api.w.org\/{rel}","templated":true}]}}